{"id":298,"date":"2022-09-12T11:49:32","date_gmt":"2022-09-12T11:49:32","guid":{"rendered":"https:\/\/counselling.ee\/?page_id=298"},"modified":"2025-11-18T19:51:56","modified_gmt":"2025-11-18T19:51:56","slug":"price-and-contacts","status":"publish","type":"page","link":"https:\/\/counselling.ee\/ee\/price-and-contacts\/","title":{"rendered":"Hinnakiri ja kontaktid"},"content":{"rendered":"<p>[et_pb_section fb_built=&#8221;1&#8243; custom_padding_last_edited=&#8221;on|phone&#8221; _builder_version=&#8221;4.8.2&#8243; _module_preset=&#8221;default&#8221; background_image=&#8221;https:\/\/counselling.ee\/wp-content\/uploads\/2022\/09\/Info-and-Prices-header-New3-scaled.jpg&#8221; custom_padding=&#8221;130px||130px|||&#8221; custom_padding_tablet=&#8221;&#8221; custom_padding_phone=&#8221;30px||30px||true|false&#8221; background_last_edited=&#8221;off|desktop&#8221;][et_pb_row _builder_version=&#8221;4.8.2&#8243; _module_preset=&#8221;default&#8221;][et_pb_column type=&#8221;4_4&#8243; _builder_version=&#8221;4.8.2&#8243; _module_preset=&#8221;default&#8221;][et_pb_text _builder_version=&#8221;4.8.2&#8243; _module_preset=&#8221;default&#8221; header_font=&#8221;Montserrat|500|||||||&#8221; header_text_color=&#8221;#FFFFFF&#8221; header_font_size=&#8221;66px&#8221; header_font_size_tablet=&#8221;&#8221; header_font_size_phone=&#8221;40px&#8221; header_font_size_last_edited=&#8221;on|phone&#8221; header_text_shadow_style=&#8221;preset2&#8243; header_text_shadow_color=&#8221;rgba(0,0,0,0.47)&#8221;]<\/p>\n<h1>Info And Prices<\/h1>\n<p>[\/et_pb_text][\/et_pb_column][\/et_pb_row][\/et_pb_section][et_pb_section fb_built=&#8221;1&#8243; custom_padding_last_edited=&#8221;on|phone&#8221; _builder_version=&#8221;4.8.2&#8243; _module_preset=&#8221;default&#8221; background_color=&#8221;rgba(0,0,0,0.11)&#8221; custom_padding=&#8221;||50px|||&#8221; custom_padding_tablet=&#8221;&#8221; custom_padding_phone=&#8221;0px||50px||false|false&#8221;][et_pb_row column_structure=&#8221;1_2,1_2&#8243; _builder_version=&#8221;4.8.2&#8243; _module_preset=&#8221;default&#8221;][et_pb_column type=&#8221;1_2&#8243; _builder_version=&#8221;4.8.2&#8243; _module_preset=&#8221;default&#8221;][et_pb_text _builder_version=&#8221;4.8.2&#8243; _module_preset=&#8221;default&#8221; text_text_color=&#8221;#041836&#8243; text_font_size=&#8221;15px&#8221; header_2_text_color=&#8221;#041836&#8243; header_2_font_size=&#8221;43px&#8221; header_6_text_color=&#8221;#041836&#8243; hover_enabled=&#8221;0&#8243; locked=&#8221;off&#8221; sticky_enabled=&#8221;0&#8243;]<\/p>\n<h2 class=\"h2_tag\">Counselling info and prices<\/h2>\n<p>Counselling takes place both in my office in Kadriorg and online when needed.<br \/> Please do not hesitate to contact me with any questions you may have.<\/p>\n<p>+372 502 0793<\/p>\n<p>Or via email: <a href=\"mailto:william@counselling.ee\"><span style=\"color: #041836;\">william@counselling.ee<\/span><\/a><\/p>\n<p>You are also welcome to send an SMS booking request or ask questions at +372 502 0793. If I am unable to answer, I will call you back at my earliest convenience.<\/p>\n<p>Counselling sessions run for one hour.<\/p>\n<p>Please be on time and expect to finish on time.<\/p>\n<p>[\/et_pb_text][\/et_pb_column][et_pb_column type=&#8221;1_2&#8243; _builder_version=&#8221;4.8.2&#8243; _module_preset=&#8221;default&#8221;][et_pb_image src=&#8221;https:\/\/counselling.ee\/wp-content\/uploads\/2023\/05\/image00004.jpg&#8221; title_text=&#8221;foto: Julia Lazareva&#8221; align=&#8221;right&#8221; admin_label=&#8221;foto: Julia Lazareva&#8221; _builder_version=&#8221;4.8.2&#8243; _module_preset=&#8221;default&#8221;][\/et_pb_image][\/et_pb_column][\/et_pb_row][\/et_pb_section][et_pb_section fb_built=&#8221;1&#8243; _builder_version=&#8221;4.8.2&#8243; _module_preset=&#8221;default&#8221; background_enable_color=&#8221;off&#8221; custom_padding=&#8221;||50px|||&#8221;][et_pb_row column_structure=&#8221;1_2,1_2&#8243; custom_padding_last_edited=&#8221;on|phone&#8221; _builder_version=&#8221;4.8.2&#8243; _module_preset=&#8221;default&#8221; custom_padding_tablet=&#8221;&#8221; custom_padding_phone=&#8221;0px||||false|false&#8221;][et_pb_column type=&#8221;1_2&#8243; _builder_version=&#8221;4.8.2&#8243; _module_preset=&#8221;default&#8221;][et_pb_image src=&#8221;https:\/\/counselling.ee\/wp-content\/uploads\/2023\/12\/drawing-woman-umbrella-rainbow.jpg&#8221; alt=&#8221;Sketch of a woman holding a colorful rainbow umbrella, with vibrant watercolor splashes.&#8221; title_text=&#8221;Sketch of a woman holding a colorful rainbow umbrella, with vibrant watercolor splashes.&#8221; align=&#8221;center&#8221; _builder_version=&#8221;4.8.2&#8243; _module_preset=&#8221;default&#8221;][\/et_pb_image][\/et_pb_column][et_pb_column type=&#8221;1_2&#8243; _builder_version=&#8221;4.8.2&#8243; _module_preset=&#8221;default&#8221;][et_pb_text _builder_version=&#8221;4.8.2&#8243; _module_preset=&#8221;default&#8221; text_text_color=&#8221;#041836&#8243; text_font_size=&#8221;15px&#8221; header_2_text_color=&#8221;#041836&#8243; header_2_font_size=&#8221;43px&#8221; header_6_text_color=&#8221;#041836&#8243; hover_enabled=&#8221;0&#8243; locked=&#8221;off&#8221; sticky_enabled=&#8221;0&#8243;]<\/p>\n<h2 class=\"h2_tag\">Price for one hour counselling session is \u20ac110<\/h2>\n<p>Follow-up contact via email, phone calls, sms and chatting is free with counselling and outlined by individual agreement with each client.<\/p>\n<p>Home visits in Tallinn are \u20ac220 per counselling session.<\/p>\n<p>Online sessions are \u20ac110 per one hour session.<\/p>\n<p>Sessions will be invoiced afterwards and paid by bank transfer. Other payment methods can be arranged when necessary.<\/p>\n<p>Office appointments cancelled less than 48 hours prior to the session, as well as no shows, must be paid in full.<\/p>\n<p>Some private insurers reimburse for my services. This is usually decided with the insurance on a case by case basis.<\/p>\n<p>[\/et_pb_text][\/et_pb_column][\/et_pb_row][\/et_pb_section][et_pb_section fb_built=&#8221;1&#8243; custom_padding_last_edited=&#8221;on|phone&#8221; _builder_version=&#8221;4.8.2&#8243; _module_preset=&#8221;default&#8221; background_enable_color=&#8221;off&#8221; custom_padding=&#8221;||50px|||&#8221; custom_padding_tablet=&#8221;&#8221; custom_padding_phone=&#8221;||10px||false|false&#8221;][et_pb_row _builder_version=&#8221;4.8.2&#8243; _module_preset=&#8221;default&#8221;][et_pb_column type=&#8221;4_4&#8243; _builder_version=&#8221;4.8.2&#8243; _module_preset=&#8221;default&#8221;][et_pb_text _builder_version=&#8221;4.8.2&#8243; _module_preset=&#8221;default&#8221;]<iframe loading=\"lazy\" src=\"https:\/\/www.google.com\/maps\/embed?pb=!1m18!1m12!1m3!1d2028.6831920976167!2d24.773570416335556!3d59.43835818169714!2m3!1f0!2f0!3f0!3m2!1i1024!2i768!4f13.1!3m3!1m2!1s0x4692935ba50bfb49%3A0x97fc29912059bdf0!2sJ.+K%C3%B6leri+4%2C+10150+Tallinn!5e0!3m2!1sen!2see!4v1542273395847\" width=\"1682\" height=\"532\" frameborder=\"0\" style=\"border: 0;\" allowfullscreen=\"\"><\/iframe>[\/et_pb_text][\/et_pb_column][\/et_pb_row][\/et_pb_section][et_pb_section fb_built=&#8221;1&#8243; custom_padding_last_edited=&#8221;on|phone&#8221; _builder_version=&#8221;4.8.2&#8243; _module_preset=&#8221;default&#8221; background_enable_color=&#8221;off&#8221; custom_padding=&#8221;||50px|||&#8221; custom_padding_tablet=&#8221;&#8221; custom_padding_phone=&#8221;0px||||false|false&#8221;][et_pb_row column_structure=&#8221;1_2,1_2&#8243; custom_padding_last_edited=&#8221;on|phone&#8221; _builder_version=&#8221;4.8.2&#8243; _module_preset=&#8221;default&#8221; custom_padding_tablet=&#8221;&#8221; custom_padding_phone=&#8221;0px||||false|false&#8221;][et_pb_column type=&#8221;1_2&#8243; _builder_version=&#8221;4.8.2&#8243; _module_preset=&#8221;default&#8221;][et_pb_text _builder_version=&#8221;4.8.2&#8243; _module_preset=&#8221;default&#8221; text_text_color=&#8221;#041836&#8243; text_font_size=&#8221;15px&#8221; header_2_text_color=&#8221;#041836&#8243; header_2_font_size=&#8221;43px&#8221; header_6_text_color=&#8221;#041836&#8243; locked=&#8221;off&#8221;]<\/p>\n<h2 class=\"h2_tag\">My office in Kadriorg<\/h2>\n<p>The counselling office is located in Kadriorg. The address is K\u00f6leri 4-2A but the entrance is on the Vesiv\u00e4rava side of the building. I kindly ask that you park on the street. The parking area is Kesklinn and parking is paid by phone or through a ticket vending machine (located just across from our building on Vesiv\u00e4rava).<\/p>\n<p>This is the rear of the building located on Vesiv\u00e4rava. Entrance is through the double door. There is a buzzer at the door. I am on the first floor.<\/p>\n<p>Should you have any problems finding the office, call and I will come out and find you.<\/p>\n<p>tel. +372 502 0793<\/p>\n<p>[\/et_pb_text][\/et_pb_column][et_pb_column type=&#8221;1_2&#8243; _builder_version=&#8221;4.8.2&#8243; _module_preset=&#8221;default&#8221;][et_pb_image src=&#8221;https:\/\/counselling.ee\/wp-content\/uploads\/2023\/05\/20230526_084231-1.jpg&#8221; title_text=&#8221;20230526_084231 (1)&#8221; _builder_version=&#8221;4.8.2&#8243; _module_preset=&#8221;default&#8221;][\/et_pb_image][\/et_pb_column][\/et_pb_row][\/et_pb_section]<\/p>\n","protected":false},"excerpt":{"rendered":"<p>[et_pb_section fb_built=&#8221;1&#8243; custom_padding_last_edited=&#8221;on|phone&#8221; _builder_version=&#8221;4.8.2&#8243; _module_preset=&#8221;default&#8221; background_image=&#8221;https:\/\/counselling.ee\/wp-content\/uploads\/2022\/09\/Info-and-Prices-header-New3-scaled.jpg&#8221; custom_padding=&#8221;130px||130px|||&#8221; custom_padding_tablet=&#8221;&#8221; custom_padding_phone=&#8221;30px||30px||true|false&#8221; background_last_edited=&#8221;off|desktop&#8221;][et_pb_row _builder_version=&#8221;4.8.2&#8243; _module_preset=&#8221;default&#8221;][et_pb_column type=&#8221;4_4&#8243; _builder_version=&#8221;4.8.2&#8243; _module_preset=&#8221;default&#8221;][et_pb_text _builder_version=&#8221;4.8.2&#8243; _module_preset=&#8221;default&#8221; header_font=&#8221;Montserrat|500|||||||&#8221; header_text_color=&#8221;#FFFFFF&#8221; header_font_size=&#8221;66px&#8221; header_font_size_tablet=&#8221;&#8221; header_font_size_phone=&#8221;40px&#8221; header_font_size_last_edited=&#8221;on|phone&#8221; header_text_shadow_style=&#8221;preset2&#8243; header_text_shadow_color=&#8221;rgba(0,0,0,0.47)&#8221;] Info And Prices [\/et_pb_text][\/et_pb_column][\/et_pb_row][\/et_pb_section][et_pb_section fb_built=&#8221;1&#8243; custom_padding_last_edited=&#8221;on|phone&#8221; _builder_version=&#8221;4.8.2&#8243; _module_preset=&#8221;default&#8221; background_color=&#8221;rgba(0,0,0,0.11)&#8221; custom_padding=&#8221;||50px|||&#8221; custom_padding_tablet=&#8221;&#8221; custom_padding_phone=&#8221;0px||50px||false|false&#8221;][et_pb_row column_structure=&#8221;1_2,1_2&#8243; _builder_version=&#8221;4.8.2&#8243; _module_preset=&#8221;default&#8221;][et_pb_column type=&#8221;1_2&#8243; _builder_version=&#8221;4.8.2&#8243; _module_preset=&#8221;default&#8221;][et_pb_text _builder_version=&#8221;4.8.2&#8243; _module_preset=&#8221;default&#8221; text_text_color=&#8221;#041836&#8243; text_font_size=&#8221;15px&#8221; header_2_text_color=&#8221;#041836&#8243; header_2_font_size=&#8221;43px&#8221; header_6_text_color=&#8221;#041836&#8243; hover_enabled=&#8221;0&#8243; locked=&#8221;off&#8221; sticky_enabled=&#8221;0&#8243;] Counselling info [&hellip;]<\/p>\n","protected":false},"author":1,"featured_media":0,"parent":0,"menu_order":0,"comment_status":"closed","ping_status":"closed","template":"","meta":{"_et_pb_use_builder":"on","_et_pb_old_content":"","_et_gb_content_width":"","footnotes":""},"class_list":["post-298","page","type-page","status-publish","hentry"],"yoast_head":"<!-- This site is optimized with the Yoast SEO plugin v27.2 - https:\/\/yoast.com\/product\/yoast-seo-wordpress\/ -->\n<title>Price and Contacts - General Counselling<\/title>\n<meta name=\"description\" content=\"Find key information and pricing for counselling sessions in Kadriorg and online. Contact details and office location included.\" \/>\n<meta name=\"robots\" content=\"index, follow, max-snippet:-1, max-image-preview:large, max-video-preview:-1\" \/>\n<link rel=\"canonical\" href=\"https:\/\/counselling.ee\/ee\/price-and-contacts\/\" \/>\n<meta property=\"og:locale\" content=\"et_EE\" \/>\n<meta property=\"og:type\" content=\"article\" \/>\n<meta property=\"og:title\" content=\"Price and Contacts - General Counselling\" \/>\n<meta property=\"og:description\" content=\"Find key information and pricing for counselling sessions in Kadriorg and online. Contact details and office location included.\" \/>\n<meta property=\"og:url\" content=\"https:\/\/counselling.ee\/ee\/price-and-contacts\/\" \/>\n<meta property=\"og:site_name\" content=\"General Counselling\" \/>\n<meta property=\"article:publisher\" content=\"https:\/\/www.facebook.com\/counselling.ee\/\" \/>\n<meta property=\"article:modified_time\" content=\"2025-11-18T19:51:56+00:00\" \/>\n<meta name=\"twitter:card\" content=\"summary_large_image\" \/>\n<meta name=\"twitter:label1\" content=\"Est. reading time\" \/>\n\t<meta name=\"twitter:data1\" content=\"2 minutit\" \/>\n<script type=\"application\/ld+json\" class=\"yoast-schema-graph\">{\"@context\":\"https:\/\/schema.org\",\"@graph\":[{\"@type\":\"WebPage\",\"@id\":\"https:\/\/counselling.ee\/price-and-contacts\/\",\"url\":\"https:\/\/counselling.ee\/price-and-contacts\/\",\"name\":\"Price and Contacts - General Counselling\",\"isPartOf\":{\"@id\":\"https:\/\/counselling.ee\/#website\"},\"datePublished\":\"2022-09-12T11:49:32+00:00\",\"dateModified\":\"2025-11-18T19:51:56+00:00\",\"description\":\"Find key information and pricing for counselling sessions in Kadriorg and online. Contact details and office location included.\",\"breadcrumb\":{\"@id\":\"https:\/\/counselling.ee\/price-and-contacts\/#breadcrumb\"},\"inLanguage\":\"et\",\"potentialAction\":[{\"@type\":\"ReadAction\",\"target\":[\"https:\/\/counselling.ee\/price-and-contacts\/\"]}]},{\"@type\":\"BreadcrumbList\",\"@id\":\"https:\/\/counselling.ee\/price-and-contacts\/#breadcrumb\",\"itemListElement\":[{\"@type\":\"ListItem\",\"position\":1,\"name\":\"Home\",\"item\":\"https:\/\/counselling.ee\/\"},{\"@type\":\"ListItem\",\"position\":2,\"name\":\"Price and Contacts\"}]},{\"@type\":\"WebSite\",\"@id\":\"https:\/\/counselling.ee\/#website\",\"url\":\"https:\/\/counselling.ee\/\",\"name\":\"William Barrow Counselling\",\"description\":\"General Counselling\",\"publisher\":{\"@id\":\"https:\/\/counselling.ee\/#organization\"},\"potentialAction\":[{\"@type\":\"SearchAction\",\"target\":{\"@type\":\"EntryPoint\",\"urlTemplate\":\"https:\/\/counselling.ee\/?s={search_term_string}\"},\"query-input\":{\"@type\":\"PropertyValueSpecification\",\"valueRequired\":true,\"valueName\":\"search_term_string\"}}],\"inLanguage\":\"et\"},{\"@type\":\"Organization\",\"@id\":\"https:\/\/counselling.ee\/#organization\",\"name\":\"William Barrow Counselling\",\"url\":\"https:\/\/counselling.ee\/\",\"logo\":{\"@type\":\"ImageObject\",\"inLanguage\":\"et\",\"@id\":\"https:\/\/counselling.ee\/#\/schema\/logo\/image\/\",\"url\":\"https:\/\/counselling.ee\/wp-content\/uploads\/2022\/09\/Rectangle-625.png\",\"contentUrl\":\"https:\/\/counselling.ee\/wp-content\/uploads\/2022\/09\/Rectangle-625.png\",\"width\":301,\"height\":280,\"caption\":\"William Barrow Counselling\"},\"image\":{\"@id\":\"https:\/\/counselling.ee\/#\/schema\/logo\/image\/\"},\"sameAs\":[\"https:\/\/www.facebook.com\/counselling.ee\/\"]}]}<\/script>\n<!-- \/ Yoast SEO plugin. -->","yoast_head_json":{"title":"Price and Contacts - General Counselling","description":"Find key information and pricing for counselling sessions in Kadriorg and online. Contact details and office location included.","robots":{"index":"index","follow":"follow","max-snippet":"max-snippet:-1","max-image-preview":"max-image-preview:large","max-video-preview":"max-video-preview:-1"},"canonical":"https:\/\/counselling.ee\/ee\/price-and-contacts\/","og_locale":"et_EE","og_type":"article","og_title":"Price and Contacts - General Counselling","og_description":"Find key information and pricing for counselling sessions in Kadriorg and online. Contact details and office location included.","og_url":"https:\/\/counselling.ee\/ee\/price-and-contacts\/","og_site_name":"General Counselling","article_publisher":"https:\/\/www.facebook.com\/counselling.ee\/","article_modified_time":"2025-11-18T19:51:56+00:00","twitter_card":"summary_large_image","twitter_misc":{"Est. reading time":"2 minutit"},"schema":{"@context":"https:\/\/schema.org","@graph":[{"@type":"WebPage","@id":"https:\/\/counselling.ee\/price-and-contacts\/","url":"https:\/\/counselling.ee\/price-and-contacts\/","name":"Price and Contacts - General Counselling","isPartOf":{"@id":"https:\/\/counselling.ee\/#website"},"datePublished":"2022-09-12T11:49:32+00:00","dateModified":"2025-11-18T19:51:56+00:00","description":"Find key information and pricing for counselling sessions in Kadriorg and online. Contact details and office location included.","breadcrumb":{"@id":"https:\/\/counselling.ee\/price-and-contacts\/#breadcrumb"},"inLanguage":"et","potentialAction":[{"@type":"ReadAction","target":["https:\/\/counselling.ee\/price-and-contacts\/"]}]},{"@type":"BreadcrumbList","@id":"https:\/\/counselling.ee\/price-and-contacts\/#breadcrumb","itemListElement":[{"@type":"ListItem","position":1,"name":"Home","item":"https:\/\/counselling.ee\/"},{"@type":"ListItem","position":2,"name":"Price and Contacts"}]},{"@type":"WebSite","@id":"https:\/\/counselling.ee\/#website","url":"https:\/\/counselling.ee\/","name":"William Barrow N\u00f5ustamine","description":"\u00dcldn\u00f5ustamine","publisher":{"@id":"https:\/\/counselling.ee\/#organization"},"potentialAction":[{"@type":"SearchAction","target":{"@type":"EntryPoint","urlTemplate":"https:\/\/counselling.ee\/?s={search_term_string}"},"query-input":{"@type":"PropertyValueSpecification","valueRequired":true,"valueName":"search_term_string"}}],"inLanguage":"et"},{"@type":"Organization","@id":"https:\/\/counselling.ee\/#organization","name":"William Barrow N\u00f5ustamine","url":"https:\/\/counselling.ee\/","logo":{"@type":"ImageObject","inLanguage":"et","@id":"https:\/\/counselling.ee\/#\/schema\/logo\/image\/","url":"https:\/\/counselling.ee\/wp-content\/uploads\/2022\/09\/Rectangle-625.png","contentUrl":"https:\/\/counselling.ee\/wp-content\/uploads\/2022\/09\/Rectangle-625.png","width":301,"height":280,"caption":"William Barrow Counselling"},"image":{"@id":"https:\/\/counselling.ee\/#\/schema\/logo\/image\/"},"sameAs":["https:\/\/www.facebook.com\/counselling.ee\/"]}]}},"_links":{"self":[{"href":"https:\/\/counselling.ee\/ee\/wp-json\/wp\/v2\/pages\/298","targetHints":{"allow":["GET"]}}],"collection":[{"href":"https:\/\/counselling.ee\/ee\/wp-json\/wp\/v2\/pages"}],"about":[{"href":"https:\/\/counselling.ee\/ee\/wp-json\/wp\/v2\/types\/page"}],"author":[{"embeddable":true,"href":"https:\/\/counselling.ee\/ee\/wp-json\/wp\/v2\/users\/1"}],"replies":[{"embeddable":true,"href":"https:\/\/counselling.ee\/ee\/wp-json\/wp\/v2\/comments?post=298"}],"version-history":[{"count":11,"href":"https:\/\/counselling.ee\/ee\/wp-json\/wp\/v2\/pages\/298\/revisions"}],"predecessor-version":[{"id":888,"href":"https:\/\/counselling.ee\/ee\/wp-json\/wp\/v2\/pages\/298\/revisions\/888"}],"wp:attachment":[{"href":"https:\/\/counselling.ee\/ee\/wp-json\/wp\/v2\/media?parent=298"}],"curies":[{"name":"wp","href":"https:\/\/api.w.org\/{rel}","templated":true}]}}