{"id":621,"date":"2022-09-27T09:12:33","date_gmt":"2022-09-27T09:12:33","guid":{"rendered":"https:\/\/counselling.ee\/?page_id=621"},"modified":"2024-01-26T11:10:07","modified_gmt":"2024-01-26T11:10:07","slug":"counsellingapproach","status":"publish","type":"page","link":"https:\/\/counselling.ee\/ee\/counsellingapproach\/","title":{"rendered":"Counselling Approach"},"content":{"rendered":"<p>[et_pb_section fb_built=&#8221;1&#8243; _builder_version=&#8221;4.8.2&#8243; _module_preset=&#8221;default&#8221;][et_pb_row column_structure=&#8221;1_2,1_2&#8243; _builder_version=&#8221;4.8.2&#8243; _module_preset=&#8221;default&#8221;][et_pb_column type=&#8221;1_2&#8243; _builder_version=&#8221;4.8.2&#8243; _module_preset=&#8221;default&#8221;][et_pb_text _builder_version=&#8221;4.8.2&#8243; _module_preset=&#8221;default&#8221; header_2_font_size=&#8221;41px&#8221;]<\/p>\n<h2 class=\"h2_tag\">What Is My Specific<br \/>\nCounselling Approach?<\/h2>\n<h6><strong>Humanistic and Supportive<br \/>\n<\/strong><\/h6>\n<p>My approach utilizes both directive and non-directive counselling techniques personalized for each particular client&#8217;s needs. Every client is different and comes to counselling with a unique set of emotional challenges. I work in collaboration with my clients, as their strong supporter, as we explore the client&#8217;s psychological and emotional issues. Using a variety of techniques common to talk therapy including cognitive behavioral therapy, client-centered therapy and mindfulness; together, we go through the issues a client is facing. We will analyse the existing methods a client utilizes to deal with these issues. I attempt to help my clients see problematic issues more clearly and, perhaps, from a new perspective. I also try to offer solutions. I do not push a particular course of action, but rather work together with the client to find a path forward that the client is suited for, interested in and ready to try. And I do not judge my clients. Ever.<\/p>\n<h6><strong>Solution-oriented<\/strong><\/h6>\n<p>My approach focuses on finding a sustainable solution for the client&#8217;s problems. From the beginning, we will work together to clearly define the issue and the desired counselling outcome. My aim is to help my clients move from a troubled state to an improved, healthy and balanced state in relation to their problem. We will attempt to make these changes in the most reasonable time possible. In some cases, it is necessary to go back through past experiences to get to the root of the problem. At other times, it is best to just move forward, finding new ways of dealing with life that are unencumbered by negative past experiences or learned destructive thinking and behaviour. In all cases, we work together to find a personalized solution for your specific life circumstances and counselling goals.<\/p>\n<h6><strong>Goal-driven<\/strong><\/h6>\n<p>As we work together, we will set certain goals upon which we can judge our progress. At times these goals may be met very quickly. It is also possible that the goals take some time to reach. Emotional\/psychological issues can be very complicated and deeply rooted in a person&#8217;s history and present life circumstances. In some cases, a more long-term approach may be necessary to bring about the desired changes in thinking and behaviour. In every case, it is important that we understand, clearly, what it is we are working towards. In that way we can judge our progress as we move forward in the counselling relationship.[\/et_pb_text][\/et_pb_column][et_pb_column type=&#8221;1_2&#8243; _builder_version=&#8221;4.8.2&#8243; _module_preset=&#8221;default&#8221;][et_pb_image src=&#8221;https:\/\/counselling.ee\/wp-content\/uploads\/2022\/09\/Counselling-Approach-1.png&#8221; title_text=&#8221;Counselling Approach&#8221; _builder_version=&#8221;4.8.2&#8243; _module_preset=&#8221;default&#8221;][\/et_pb_image][\/et_pb_column][\/et_pb_row][\/et_pb_section]<\/p>\n","protected":false},"excerpt":{"rendered":"<p>[et_pb_section fb_built=&#8221;1&#8243; _builder_version=&#8221;4.8.2&#8243; _module_preset=&#8221;default&#8221;][et_pb_row column_structure=&#8221;1_2,1_2&#8243; _builder_version=&#8221;4.8.2&#8243; _module_preset=&#8221;default&#8221;][et_pb_column type=&#8221;1_2&#8243; _builder_version=&#8221;4.8.2&#8243; _module_preset=&#8221;default&#8221;][et_pb_text _builder_version=&#8221;4.8.2&#8243; _module_preset=&#8221;default&#8221; header_2_font_size=&#8221;41px&#8221;] What Is My Specific Counselling Approach? Humanistic and Supportive My approach utilizes both directive and non-directive counselling techniques personalized for each particular client&#8217;s needs. Every client is different and comes to counselling with a unique set of emotional challenges. I work in [&hellip;]<\/p>\n","protected":false},"author":1,"featured_media":0,"parent":0,"menu_order":0,"comment_status":"closed","ping_status":"closed","template":"","meta":{"_et_pb_use_builder":"on","_et_pb_old_content":"","_et_gb_content_width":"","footnotes":""},"class_list":["post-621","page","type-page","status-publish","hentry"],"yoast_head":"<!-- This site is optimized with the Yoast SEO plugin v27.2 - https:\/\/yoast.com\/product\/yoast-seo-wordpress\/ -->\n<title>Counselling Approach - General Counselling<\/title>\n<meta name=\"description\" content=\"Explore William&#039;s counselling approach blending humanistic support with goal-driven, personalized therapy for lasting emotional well-being.\" \/>\n<meta name=\"robots\" content=\"index, follow, max-snippet:-1, max-image-preview:large, max-video-preview:-1\" \/>\n<link rel=\"canonical\" href=\"https:\/\/counselling.ee\/ee\/counsellingapproach\/\" \/>\n<meta property=\"og:locale\" content=\"et_EE\" \/>\n<meta property=\"og:type\" content=\"article\" \/>\n<meta property=\"og:title\" content=\"Counselling Approach - General Counselling\" \/>\n<meta property=\"og:description\" content=\"Explore William&#039;s counselling approach blending humanistic support with goal-driven, personalized therapy for lasting emotional well-being.\" \/>\n<meta property=\"og:url\" content=\"https:\/\/counselling.ee\/ee\/counsellingapproach\/\" \/>\n<meta property=\"og:site_name\" content=\"General Counselling\" \/>\n<meta property=\"article:publisher\" content=\"https:\/\/www.facebook.com\/counselling.ee\/\" \/>\n<meta property=\"article:modified_time\" content=\"2024-01-26T11:10:07+00:00\" \/>\n<meta name=\"twitter:card\" content=\"summary_large_image\" \/>\n<meta name=\"twitter:label1\" content=\"Est. reading time\" \/>\n\t<meta name=\"twitter:data1\" content=\"2 minutit\" \/>\n<script type=\"application\/ld+json\" class=\"yoast-schema-graph\">{\"@context\":\"https:\/\/schema.org\",\"@graph\":[{\"@type\":\"WebPage\",\"@id\":\"https:\/\/counselling.ee\/counsellingapproach\/\",\"url\":\"https:\/\/counselling.ee\/counsellingapproach\/\",\"name\":\"Counselling Approach - General Counselling\",\"isPartOf\":{\"@id\":\"https:\/\/counselling.ee\/#website\"},\"datePublished\":\"2022-09-27T09:12:33+00:00\",\"dateModified\":\"2024-01-26T11:10:07+00:00\",\"description\":\"Explore William's counselling approach blending humanistic support with goal-driven, personalized therapy for lasting emotional well-being.\",\"breadcrumb\":{\"@id\":\"https:\/\/counselling.ee\/counsellingapproach\/#breadcrumb\"},\"inLanguage\":\"et\",\"potentialAction\":[{\"@type\":\"ReadAction\",\"target\":[\"https:\/\/counselling.ee\/counsellingapproach\/\"]}]},{\"@type\":\"BreadcrumbList\",\"@id\":\"https:\/\/counselling.ee\/counsellingapproach\/#breadcrumb\",\"itemListElement\":[{\"@type\":\"ListItem\",\"position\":1,\"name\":\"Home\",\"item\":\"https:\/\/counselling.ee\/\"},{\"@type\":\"ListItem\",\"position\":2,\"name\":\"Counselling Approach\"}]},{\"@type\":\"WebSite\",\"@id\":\"https:\/\/counselling.ee\/#website\",\"url\":\"https:\/\/counselling.ee\/\",\"name\":\"William Barrow Counselling\",\"description\":\"General Counselling\",\"publisher\":{\"@id\":\"https:\/\/counselling.ee\/#organization\"},\"potentialAction\":[{\"@type\":\"SearchAction\",\"target\":{\"@type\":\"EntryPoint\",\"urlTemplate\":\"https:\/\/counselling.ee\/?s={search_term_string}\"},\"query-input\":{\"@type\":\"PropertyValueSpecification\",\"valueRequired\":true,\"valueName\":\"search_term_string\"}}],\"inLanguage\":\"et\"},{\"@type\":\"Organization\",\"@id\":\"https:\/\/counselling.ee\/#organization\",\"name\":\"William Barrow Counselling\",\"url\":\"https:\/\/counselling.ee\/\",\"logo\":{\"@type\":\"ImageObject\",\"inLanguage\":\"et\",\"@id\":\"https:\/\/counselling.ee\/#\/schema\/logo\/image\/\",\"url\":\"https:\/\/counselling.ee\/wp-content\/uploads\/2022\/09\/Rectangle-625.png\",\"contentUrl\":\"https:\/\/counselling.ee\/wp-content\/uploads\/2022\/09\/Rectangle-625.png\",\"width\":301,\"height\":280,\"caption\":\"William Barrow Counselling\"},\"image\":{\"@id\":\"https:\/\/counselling.ee\/#\/schema\/logo\/image\/\"},\"sameAs\":[\"https:\/\/www.facebook.com\/counselling.ee\/\"]}]}<\/script>\n<!-- \/ Yoast SEO plugin. -->","yoast_head_json":{"title":"Counselling Approach - General Counselling","description":"Explore William's counselling approach blending humanistic support with goal-driven, personalized therapy for lasting emotional well-being.","robots":{"index":"index","follow":"follow","max-snippet":"max-snippet:-1","max-image-preview":"max-image-preview:large","max-video-preview":"max-video-preview:-1"},"canonical":"https:\/\/counselling.ee\/ee\/counsellingapproach\/","og_locale":"et_EE","og_type":"article","og_title":"Counselling Approach - General Counselling","og_description":"Explore William's counselling approach blending humanistic support with goal-driven, personalized therapy for lasting emotional well-being.","og_url":"https:\/\/counselling.ee\/ee\/counsellingapproach\/","og_site_name":"General Counselling","article_publisher":"https:\/\/www.facebook.com\/counselling.ee\/","article_modified_time":"2024-01-26T11:10:07+00:00","twitter_card":"summary_large_image","twitter_misc":{"Est. reading time":"2 minutit"},"schema":{"@context":"https:\/\/schema.org","@graph":[{"@type":"WebPage","@id":"https:\/\/counselling.ee\/counsellingapproach\/","url":"https:\/\/counselling.ee\/counsellingapproach\/","name":"Counselling Approach - General Counselling","isPartOf":{"@id":"https:\/\/counselling.ee\/#website"},"datePublished":"2022-09-27T09:12:33+00:00","dateModified":"2024-01-26T11:10:07+00:00","description":"Explore William's counselling approach blending humanistic support with goal-driven, personalized therapy for lasting emotional well-being.","breadcrumb":{"@id":"https:\/\/counselling.ee\/counsellingapproach\/#breadcrumb"},"inLanguage":"et","potentialAction":[{"@type":"ReadAction","target":["https:\/\/counselling.ee\/counsellingapproach\/"]}]},{"@type":"BreadcrumbList","@id":"https:\/\/counselling.ee\/counsellingapproach\/#breadcrumb","itemListElement":[{"@type":"ListItem","position":1,"name":"Home","item":"https:\/\/counselling.ee\/"},{"@type":"ListItem","position":2,"name":"Counselling Approach"}]},{"@type":"WebSite","@id":"https:\/\/counselling.ee\/#website","url":"https:\/\/counselling.ee\/","name":"William Barrow N\u00f5ustamine","description":"\u00dcldn\u00f5ustamine","publisher":{"@id":"https:\/\/counselling.ee\/#organization"},"potentialAction":[{"@type":"SearchAction","target":{"@type":"EntryPoint","urlTemplate":"https:\/\/counselling.ee\/?s={search_term_string}"},"query-input":{"@type":"PropertyValueSpecification","valueRequired":true,"valueName":"search_term_string"}}],"inLanguage":"et"},{"@type":"Organization","@id":"https:\/\/counselling.ee\/#organization","name":"William Barrow N\u00f5ustamine","url":"https:\/\/counselling.ee\/","logo":{"@type":"ImageObject","inLanguage":"et","@id":"https:\/\/counselling.ee\/#\/schema\/logo\/image\/","url":"https:\/\/counselling.ee\/wp-content\/uploads\/2022\/09\/Rectangle-625.png","contentUrl":"https:\/\/counselling.ee\/wp-content\/uploads\/2022\/09\/Rectangle-625.png","width":301,"height":280,"caption":"William Barrow Counselling"},"image":{"@id":"https:\/\/counselling.ee\/#\/schema\/logo\/image\/"},"sameAs":["https:\/\/www.facebook.com\/counselling.ee\/"]}]}},"_links":{"self":[{"href":"https:\/\/counselling.ee\/ee\/wp-json\/wp\/v2\/pages\/621","targetHints":{"allow":["GET"]}}],"collection":[{"href":"https:\/\/counselling.ee\/ee\/wp-json\/wp\/v2\/pages"}],"about":[{"href":"https:\/\/counselling.ee\/ee\/wp-json\/wp\/v2\/types\/page"}],"author":[{"embeddable":true,"href":"https:\/\/counselling.ee\/ee\/wp-json\/wp\/v2\/users\/1"}],"replies":[{"embeddable":true,"href":"https:\/\/counselling.ee\/ee\/wp-json\/wp\/v2\/comments?post=621"}],"version-history":[{"count":6,"href":"https:\/\/counselling.ee\/ee\/wp-json\/wp\/v2\/pages\/621\/revisions"}],"predecessor-version":[{"id":837,"href":"https:\/\/counselling.ee\/ee\/wp-json\/wp\/v2\/pages\/621\/revisions\/837"}],"wp:attachment":[{"href":"https:\/\/counselling.ee\/ee\/wp-json\/wp\/v2\/media?parent=621"}],"curies":[{"name":"wp","href":"https:\/\/api.w.org\/{rel}","templated":true}]}}