{"id":630,"date":"2022-09-27T09:20:06","date_gmt":"2022-09-27T09:20:06","guid":{"rendered":"https:\/\/counselling.ee\/?page_id=630"},"modified":"2024-01-26T11:02:58","modified_gmt":"2024-01-26T11:02:58","slug":"humanistic-counselling","status":"publish","type":"page","link":"https:\/\/counselling.ee\/ee\/humanistic-counselling\/","title":{"rendered":"Humanistlik n\u00f5ustamine"},"content":{"rendered":"<p>[et_pb_section fb_built=&#8221;1&#8243; _builder_version=&#8221;4.8.2&#8243; _module_preset=&#8221;default&#8221;][et_pb_row column_structure=&#8221;1_2,1_2&#8243; _builder_version=&#8221;4.8.2&#8243; _module_preset=&#8221;default&#8221;][et_pb_column type=&#8221;1_2&#8243; _builder_version=&#8221;4.8.2&#8243; _module_preset=&#8221;default&#8221;][et_pb_image src=&#8221;https:\/\/counselling.ee\/wp-content\/uploads\/2022\/09\/humanistic.png&#8221; title_text=&#8221;humanistic&#8221; _builder_version=&#8221;4.8.2&#8243; _module_preset=&#8221;default&#8221;][\/et_pb_image][\/et_pb_column][et_pb_column type=&#8221;1_2&#8243; _builder_version=&#8221;4.8.2&#8243; _module_preset=&#8221;default&#8221;][et_pb_text _builder_version=&#8221;4.8.2&#8243; _module_preset=&#8221;default&#8221; header_2_font_size=&#8221;41px&#8221;]<\/p>\n<h2 class=\"h2_tag\">Humanistic Counselling For Improved Well-being<\/h2>\n<h6><strong>Life can be very stressful.<\/strong><\/h6>\n<p>Without any added problems, life itself can simply be stressful. Many adults have also suffered through a difficult or traumatic childhood or adolescence. Some people have been victims of trauma or abuse. Life events can overwhelm our coping mechanisms, often resulting in depression, anxiety or low self-esteem. A change in circumstances, such as a relationship failure, work or study stress, personal injury, loss of income, divorce, illness or death of a close friend or family member, can create circumstances that simply overwhelm an individual.<\/p>\n<h6><strong>Improved well-being<\/strong><\/h6>\n<p>Humanistic counselling is a method of helping a person regain balance and stability in their life through the method of talk therapy. If you feel overwhelmed by life, for whatever reason, then perhaps talking with a trained counsellor can help you re-establish balance and stability in your life, and take you from a painful emotional\/psychological state to one where you feel calm, confident and positive about yourself and life in general. That is the aim of my counselling. My goal is to take my clients from a troubled emotional state to a state of improved and sustainable well-being. Sometimes, with counselling, this can happen very quickly. Other times it requires patience and commitment. But I deeply believe everyone can achieve a sense of well-being and self-worth that makes living life an effort of love rather than a daily struggle.<\/p>\n<p>[\/et_pb_text][\/et_pb_column][\/et_pb_row][\/et_pb_section]<\/p>\n","protected":false},"excerpt":{"rendered":"<p>[et_pb_section fb_built=&#8221;1&#8243; _builder_version=&#8221;4.8.2&#8243; _module_preset=&#8221;default&#8221;][et_pb_row column_structure=&#8221;1_2,1_2&#8243; _builder_version=&#8221;4.8.2&#8243; _module_preset=&#8221;default&#8221;][et_pb_column type=&#8221;1_2&#8243; _builder_version=&#8221;4.8.2&#8243; _module_preset=&#8221;default&#8221;][et_pb_image src=&#8221;https:\/\/counselling.ee\/wp-content\/uploads\/2022\/09\/humanistic.png&#8221; title_text=&#8221;humanistic&#8221; _builder_version=&#8221;4.8.2&#8243; _module_preset=&#8221;default&#8221;][\/et_pb_image][\/et_pb_column][et_pb_column type=&#8221;1_2&#8243; _builder_version=&#8221;4.8.2&#8243; _module_preset=&#8221;default&#8221;][et_pb_text _builder_version=&#8221;4.8.2&#8243; _module_preset=&#8221;default&#8221; header_2_font_size=&#8221;41px&#8221;] Humanistic Counselling For Improved Well-being Life can be very stressful. Without any added problems, life itself can simply be stressful. Many adults have also suffered through a difficult or traumatic childhood or adolescence. Some people [&hellip;]<\/p>\n","protected":false},"author":1,"featured_media":0,"parent":0,"menu_order":0,"comment_status":"closed","ping_status":"closed","template":"","meta":{"_et_pb_use_builder":"on","_et_pb_old_content":"","_et_gb_content_width":"","footnotes":""},"class_list":["post-630","page","type-page","status-publish","hentry"],"yoast_head":"<!-- This site is optimized with the Yoast SEO plugin v27.2 - https:\/\/yoast.com\/product\/yoast-seo-wordpress\/ -->\n<title>Humanistic Counselling - General Counselling<\/title>\n<meta name=\"description\" content=\"Explore William Barrow&#039;s humanistic counselling in Tallinn. Offering talk therapy for issues like trauma, depression &amp; anxiety.\" \/>\n<meta name=\"robots\" content=\"index, follow, max-snippet:-1, max-image-preview:large, max-video-preview:-1\" \/>\n<link rel=\"canonical\" href=\"https:\/\/counselling.ee\/ee\/humanistic-counselling\/\" \/>\n<meta property=\"og:locale\" content=\"et_EE\" \/>\n<meta property=\"og:type\" content=\"article\" \/>\n<meta property=\"og:title\" content=\"Humanistic Counselling - General Counselling\" \/>\n<meta property=\"og:description\" content=\"Explore William Barrow&#039;s humanistic counselling in Tallinn. Offering talk therapy for issues like trauma, depression &amp; anxiety.\" \/>\n<meta property=\"og:url\" content=\"https:\/\/counselling.ee\/ee\/humanistic-counselling\/\" \/>\n<meta property=\"og:site_name\" content=\"General Counselling\" \/>\n<meta property=\"article:publisher\" content=\"https:\/\/www.facebook.com\/counselling.ee\/\" \/>\n<meta property=\"article:modified_time\" content=\"2024-01-26T11:02:58+00:00\" \/>\n<meta name=\"twitter:card\" content=\"summary_large_image\" \/>\n<meta name=\"twitter:label1\" content=\"Est. reading time\" \/>\n\t<meta name=\"twitter:data1\" content=\"2 minutit\" \/>\n<script type=\"application\/ld+json\" class=\"yoast-schema-graph\">{\"@context\":\"https:\/\/schema.org\",\"@graph\":[{\"@type\":\"WebPage\",\"@id\":\"https:\/\/counselling.ee\/humanistic-counselling\/\",\"url\":\"https:\/\/counselling.ee\/humanistic-counselling\/\",\"name\":\"Humanistic Counselling - General Counselling\",\"isPartOf\":{\"@id\":\"https:\/\/counselling.ee\/#website\"},\"datePublished\":\"2022-09-27T09:20:06+00:00\",\"dateModified\":\"2024-01-26T11:02:58+00:00\",\"description\":\"Explore William Barrow's humanistic counselling in Tallinn. Offering talk therapy for issues like trauma, depression & anxiety.\",\"breadcrumb\":{\"@id\":\"https:\/\/counselling.ee\/humanistic-counselling\/#breadcrumb\"},\"inLanguage\":\"et\",\"potentialAction\":[{\"@type\":\"ReadAction\",\"target\":[\"https:\/\/counselling.ee\/humanistic-counselling\/\"]}]},{\"@type\":\"BreadcrumbList\",\"@id\":\"https:\/\/counselling.ee\/humanistic-counselling\/#breadcrumb\",\"itemListElement\":[{\"@type\":\"ListItem\",\"position\":1,\"name\":\"Home\",\"item\":\"https:\/\/counselling.ee\/\"},{\"@type\":\"ListItem\",\"position\":2,\"name\":\"Humanistic Counselling\"}]},{\"@type\":\"WebSite\",\"@id\":\"https:\/\/counselling.ee\/#website\",\"url\":\"https:\/\/counselling.ee\/\",\"name\":\"William Barrow Counselling\",\"description\":\"General Counselling\",\"publisher\":{\"@id\":\"https:\/\/counselling.ee\/#organization\"},\"potentialAction\":[{\"@type\":\"SearchAction\",\"target\":{\"@type\":\"EntryPoint\",\"urlTemplate\":\"https:\/\/counselling.ee\/?s={search_term_string}\"},\"query-input\":{\"@type\":\"PropertyValueSpecification\",\"valueRequired\":true,\"valueName\":\"search_term_string\"}}],\"inLanguage\":\"et\"},{\"@type\":\"Organization\",\"@id\":\"https:\/\/counselling.ee\/#organization\",\"name\":\"William Barrow Counselling\",\"url\":\"https:\/\/counselling.ee\/\",\"logo\":{\"@type\":\"ImageObject\",\"inLanguage\":\"et\",\"@id\":\"https:\/\/counselling.ee\/#\/schema\/logo\/image\/\",\"url\":\"https:\/\/counselling.ee\/wp-content\/uploads\/2022\/09\/Rectangle-625.png\",\"contentUrl\":\"https:\/\/counselling.ee\/wp-content\/uploads\/2022\/09\/Rectangle-625.png\",\"width\":301,\"height\":280,\"caption\":\"William Barrow Counselling\"},\"image\":{\"@id\":\"https:\/\/counselling.ee\/#\/schema\/logo\/image\/\"},\"sameAs\":[\"https:\/\/www.facebook.com\/counselling.ee\/\"]}]}<\/script>\n<!-- \/ Yoast SEO plugin. -->","yoast_head_json":{"title":"Humanistic Counselling - General Counselling","description":"Explore William Barrow's humanistic counselling in Tallinn. Offering talk therapy for issues like trauma, depression & anxiety.","robots":{"index":"index","follow":"follow","max-snippet":"max-snippet:-1","max-image-preview":"max-image-preview:large","max-video-preview":"max-video-preview:-1"},"canonical":"https:\/\/counselling.ee\/ee\/humanistic-counselling\/","og_locale":"et_EE","og_type":"article","og_title":"Humanistic Counselling - General Counselling","og_description":"Explore William Barrow's humanistic counselling in Tallinn. Offering talk therapy for issues like trauma, depression & anxiety.","og_url":"https:\/\/counselling.ee\/ee\/humanistic-counselling\/","og_site_name":"General Counselling","article_publisher":"https:\/\/www.facebook.com\/counselling.ee\/","article_modified_time":"2024-01-26T11:02:58+00:00","twitter_card":"summary_large_image","twitter_misc":{"Est. reading time":"2 minutit"},"schema":{"@context":"https:\/\/schema.org","@graph":[{"@type":"WebPage","@id":"https:\/\/counselling.ee\/humanistic-counselling\/","url":"https:\/\/counselling.ee\/humanistic-counselling\/","name":"Humanistic Counselling - General Counselling","isPartOf":{"@id":"https:\/\/counselling.ee\/#website"},"datePublished":"2022-09-27T09:20:06+00:00","dateModified":"2024-01-26T11:02:58+00:00","description":"Explore William Barrow's humanistic counselling in Tallinn. Offering talk therapy for issues like trauma, depression & anxiety.","breadcrumb":{"@id":"https:\/\/counselling.ee\/humanistic-counselling\/#breadcrumb"},"inLanguage":"et","potentialAction":[{"@type":"ReadAction","target":["https:\/\/counselling.ee\/humanistic-counselling\/"]}]},{"@type":"BreadcrumbList","@id":"https:\/\/counselling.ee\/humanistic-counselling\/#breadcrumb","itemListElement":[{"@type":"ListItem","position":1,"name":"Home","item":"https:\/\/counselling.ee\/"},{"@type":"ListItem","position":2,"name":"Humanistic Counselling"}]},{"@type":"WebSite","@id":"https:\/\/counselling.ee\/#website","url":"https:\/\/counselling.ee\/","name":"William Barrow N\u00f5ustamine","description":"\u00dcldn\u00f5ustamine","publisher":{"@id":"https:\/\/counselling.ee\/#organization"},"potentialAction":[{"@type":"SearchAction","target":{"@type":"EntryPoint","urlTemplate":"https:\/\/counselling.ee\/?s={search_term_string}"},"query-input":{"@type":"PropertyValueSpecification","valueRequired":true,"valueName":"search_term_string"}}],"inLanguage":"et"},{"@type":"Organization","@id":"https:\/\/counselling.ee\/#organization","name":"William Barrow N\u00f5ustamine","url":"https:\/\/counselling.ee\/","logo":{"@type":"ImageObject","inLanguage":"et","@id":"https:\/\/counselling.ee\/#\/schema\/logo\/image\/","url":"https:\/\/counselling.ee\/wp-content\/uploads\/2022\/09\/Rectangle-625.png","contentUrl":"https:\/\/counselling.ee\/wp-content\/uploads\/2022\/09\/Rectangle-625.png","width":301,"height":280,"caption":"William Barrow Counselling"},"image":{"@id":"https:\/\/counselling.ee\/#\/schema\/logo\/image\/"},"sameAs":["https:\/\/www.facebook.com\/counselling.ee\/"]}]}},"_links":{"self":[{"href":"https:\/\/counselling.ee\/ee\/wp-json\/wp\/v2\/pages\/630","targetHints":{"allow":["GET"]}}],"collection":[{"href":"https:\/\/counselling.ee\/ee\/wp-json\/wp\/v2\/pages"}],"about":[{"href":"https:\/\/counselling.ee\/ee\/wp-json\/wp\/v2\/types\/page"}],"author":[{"embeddable":true,"href":"https:\/\/counselling.ee\/ee\/wp-json\/wp\/v2\/users\/1"}],"replies":[{"embeddable":true,"href":"https:\/\/counselling.ee\/ee\/wp-json\/wp\/v2\/comments?post=630"}],"version-history":[{"count":5,"href":"https:\/\/counselling.ee\/ee\/wp-json\/wp\/v2\/pages\/630\/revisions"}],"predecessor-version":[{"id":835,"href":"https:\/\/counselling.ee\/ee\/wp-json\/wp\/v2\/pages\/630\/revisions\/835"}],"wp:attachment":[{"href":"https:\/\/counselling.ee\/ee\/wp-json\/wp\/v2\/media?parent=630"}],"curies":[{"name":"wp","href":"https:\/\/api.w.org\/{rel}","templated":true}]}}